{"id":123,"date":"2024-12-03T12:45:48","date_gmt":"2024-12-03T12:45:48","guid":{"rendered":"http:\/\/pinholedigitalmedia.com\/?page_id=123"},"modified":"2024-12-03T12:46:54","modified_gmt":"2024-12-03T12:46:54","slug":"outdoor-reklamlari","status":"publish","type":"page","link":"https:\/\/pinholedigitalmedia.com\/index.php\/outdoor-reklamlari\/","title":{"rendered":"Outdoor Reklamlar\u0131"},"content":{"rendered":"\t\t<div data-elementor-type=\"wp-page\" data-elementor-id=\"123\" class=\"elementor elementor-123\" data-elementor-post-type=\"page\">\n\t\t\t\t\t\t<section class=\"elementor-section elementor-top-section elementor-element elementor-element-a923afd elementor-section-full_width elementor-section-height-default elementor-section-height-default elementor-invisible\" data-id=\"a923afd\" data-element_type=\"section\" data-settings=\"{&quot;animation&quot;:&quot;fadeIn&quot;}\">\n\t\t\t\t\t\t\t<div class=\"elementor-background-overlay\"><\/div>\n\t\t\t\t\t\t\t<div class=\"elementor-container elementor-column-gap-default\">\n\t\t\t\t\t<div class=\"elementor-column elementor-col-100 elementor-top-column elementor-element elementor-element-73da401 elementor-invisible\" data-id=\"73da401\" data-element_type=\"column\" data-settings=\"{&quot;background_background&quot;:&quot;classic&quot;,&quot;animation&quot;:&quot;fadeIn&quot;}\">\n\t\t\t<div class=\"elementor-widget-wrap elementor-element-populated\">\n\t\t\t\t\t<div class=\"elementor-background-overlay\"><\/div>\n\t\t\t\t\t\t<div class=\"elementor-element elementor-element-8251e8b elementor-invisible elementor-widget elementor-widget-heading\" data-id=\"8251e8b\" data-element_type=\"widget\" data-settings=\"{&quot;_animation&quot;:&quot;fadeInUp&quot;}\" data-widget_type=\"heading.default\">\n\t\t\t\t<div class=\"elementor-widget-container\">\n\t\t\t<h1 class=\"elementor-heading-title elementor-size-default\">Outdoor Reklamlar\u0131<\/h1>\t\t<\/div>\n\t\t\t\t<\/div>\n\t\t\t\t\t<\/div>\n\t\t<\/div>\n\t\t\t\t\t<\/div>\n\t\t<\/section>\n\t\t<div class=\"elementor-element elementor-element-3806d0b e-flex e-con-boxed e-con e-parent\" data-id=\"3806d0b\" data-element_type=\"container\">\n\t\t\t\t\t<div class=\"e-con-inner\">\n\t\t<div class=\"elementor-element elementor-element-29bd070 e-con-full e-flex e-con e-child\" data-id=\"29bd070\" data-element_type=\"container\">\n\t\t\t\t<div class=\"elementor-element elementor-element-25e18d7 elementor-invisible elementor-widget elementor-widget-heading\" data-id=\"25e18d7\" data-element_type=\"widget\" data-settings=\"{&quot;_animation&quot;:&quot;fadeInUp&quot;}\" data-widget_type=\"heading.default\">\n\t\t\t\t<div class=\"elementor-widget-container\">\n\t\t\t<h2 class=\"elementor-heading-title elementor-size-default\">Outdoor Reklam: Markan\u0131z\u0131 D\u0131\u015f Mekanda G\u00fc\u00e7lendirin\n<\/h2>\t\t<\/div>\n\t\t\t\t<\/div>\n\t\t\t\t<\/div>\n\t\t<div class=\"elementor-element elementor-element-da01fb9 e-con-full e-flex e-con e-child\" data-id=\"da01fb9\" data-element_type=\"container\">\n\t\t\t\t<div class=\"elementor-element elementor-element-5f85a20 elementor-invisible elementor-widget elementor-widget-button\" data-id=\"5f85a20\" data-element_type=\"widget\" data-settings=\"{&quot;_animation&quot;:&quot;fadeInUp&quot;}\" data-widget_type=\"button.default\">\n\t\t\t\t<div class=\"elementor-widget-container\">\n\t\t\t\t\t<div class=\"elementor-button-wrapper\">\n\t\t\t<a class=\"elementor-button elementor-button-link elementor-size-sm\" href=\"https:\/\/pinholedigitalmedia.com\/index.php\/iletisim\/\">\n\t\t\t\t\t\t<span class=\"elementor-button-content-wrapper\">\n\t\t\t\t\t\t<span class=\"elementor-button-icon\">\n\t\t\t\t<i aria-hidden=\"true\" class=\"icon icon-right-arrow\"><\/i>\t\t\t<\/span>\n\t\t\t\t\t\t\t\t\t<span class=\"elementor-button-text\">\u0130leti\u015fim<\/span>\n\t\t\t\t\t<\/span>\n\t\t\t\t\t<\/a>\n\t\t<\/div>\n\t\t\t\t<\/div>\n\t\t\t\t<\/div>\n\t\t\t\t<\/div>\n\t\t\t\t\t<\/div>\n\t\t\t\t<\/div>\n\t\t<div class=\"elementor-element elementor-element-fbb5bb8 e-flex e-con-boxed e-con e-parent\" data-id=\"fbb5bb8\" data-element_type=\"container\">\n\t\t\t\t\t<div class=\"e-con-inner\">\n\t\t\t\t<div class=\"elementor-element elementor-element-0ce89b9 elementor-widget-divider--view-line elementor-widget elementor-widget-divider\" data-id=\"0ce89b9\" data-element_type=\"widget\" data-widget_type=\"divider.default\">\n\t\t\t\t<div class=\"elementor-widget-container\">\n\t\t\t\t\t<div class=\"elementor-divider\">\n\t\t\t<span class=\"elementor-divider-separator\">\n\t\t\t\t\t\t<\/span>\n\t\t<\/div>\n\t\t\t\t<\/div>\n\t\t\t\t<\/div>\n\t\t\t\t<div class=\"elementor-element elementor-element-f7fb88e elementor-invisible elementor-widget elementor-widget-text-editor\" data-id=\"f7fb88e\" data-element_type=\"widget\" data-settings=\"{&quot;_animation&quot;:&quot;fadeInUp&quot;}\" data-widget_type=\"text-editor.default\">\n\t\t\t\t<div class=\"elementor-widget-container\">\n\t\t\t\t\t\t\t<p>Dijital reklamc\u0131l\u0131k d\u00fcnyas\u0131ndaki uzmanl\u0131\u011f\u0131m\u0131z\u0131, etkili ve g\u00f6z al\u0131c\u0131 d\u0131\u015f mekan reklamlar\u0131yla birle\u015ftiriyoruz. Pinhole olarak, belediyeler, al\u0131\u015fveri\u015f merkezleri (AVM\u2019ler) ve stratejik noktalarla yapt\u0131\u011f\u0131m\u0131z i\u015f birlikleri sayesinde markan\u0131z\u0131 do\u011fru zamanda, do\u011fru yerde ve do\u011fru kitleyle bulu\u015fturuyoruz. Outdoor reklamlar, markan\u0131z\u0131n g\u00f6r\u00fcn\u00fcrl\u00fc\u011f\u00fcn\u00fc art\u0131rman\u0131n ve m\u00fc\u015fterilerinizin zihninde kal\u0131c\u0131 bir iz b\u0131rakman\u0131n en etkili yollar\u0131ndan biridir.<\/p><hr \/><p><strong>Outdoor Reklamlar\u0131n\u0131n Avantajlar\u0131<\/strong><\/p><ul><li><p><strong>Geni\u015f G\u00f6r\u00fcn\u00fcrl\u00fck:<\/strong><br \/>D\u0131\u015f mekan reklamlar\u0131, g\u00fcnl\u00fck ya\u015fam\u0131n her alan\u0131nda insanlar\u0131n dikkatini \u00e7eker. Billboardlar, afi\u015fler ve otob\u00fcs duraklar\u0131ndaki reklamlar gibi materyaller, hedef kitlenize s\u00fcrekli olarak ula\u015fman\u0131z\u0131 sa\u011flar.<\/p><\/li><li><p><strong>Do\u011fru Hedefleme:<\/strong><br \/>Stratejik konumland\u0131rmalar sayesinde markan\u0131z\u0131n mesaj\u0131n\u0131 do\u011fru hedef kitleye ula\u015ft\u0131rabilirsiniz. Yerel halktan turistlere kadar geni\u015f bir kitleyle etkile\u015fim kurabilirsiniz.<\/p><\/li><li><p><strong>S\u00fcrekli Etki:<\/strong><br \/>Outdoor reklamlar, g\u00fcn boyunca tekrar tekrar g\u00f6r\u00fclebilir ve bu sayede mesaj\u0131n\u0131z insanlar\u0131n zihninde kal\u0131c\u0131 bir etki b\u0131rak\u0131r. Marka bilinirli\u011finizi art\u0131rman\u0131n en etkili yollar\u0131ndan biridir.<\/p><\/li><li><p><strong>Yarat\u0131c\u0131l\u0131k ve Esneklik:<\/strong><br \/>Outdoor reklamlar, markan\u0131z\u0131n yarat\u0131c\u0131 y\u00f6n\u00fcn\u00fc sergilemek i\u00e7in b\u00fcy\u00fck bir f\u0131rsat sunar. Dikkat \u00e7ekici tasar\u0131mlar ve g\u00fc\u00e7l\u00fc mesajlarla fark yaratabilirsiniz.<\/p><\/li><li><p><strong>Prestij ve G\u00fcven:<\/strong><br \/>D\u0131\u015f mekanda g\u00f6r\u00fcnen bir reklam, markan\u0131z\u0131 prestijli ve g\u00fcvenilir bir konuma ta\u015f\u0131yarak potansiyel m\u00fc\u015fterilerinizin g\u00f6z\u00fcnde itibar\u0131n\u0131z\u0131 art\u0131r\u0131r.<\/p><\/li><\/ul><hr \/><p><strong>Neden Pinhole?<\/strong><\/p><p>Pinhole olarak, outdoor reklam kampanyalar\u0131n\u0131z\u0131 bir sanat eserine d\u00f6n\u00fc\u015ft\u00fcr\u00fcyoruz. \u0130\u015fte size sundu\u011fumuz avantajlar:<\/p><ul><li><p><strong>Stratejik Planlama:<\/strong><br \/>Markan\u0131z\u0131n hedef kitlesine ula\u015fmas\u0131 i\u00e7in en etkili konumlar\u0131 ve materyalleri belirliyoruz.<\/p><\/li><li><p><strong>Yerel \u0130\u015fbirlikleri:<\/strong><br \/>Belediyeler ve AVM\u2019lerle yapt\u0131\u011f\u0131m\u0131z \u00f6zel anla\u015fmalar sayesinde, markan\u0131z\u0131n g\u00f6r\u00fcn\u00fcrl\u00fc\u011f\u00fcn\u00fc art\u0131racak en iyi lokasyonlar\u0131 sa\u011fl\u0131yoruz.<\/p><\/li><li><p><strong>Yarat\u0131c\u0131 Tasar\u0131mlar:<\/strong><br \/>Dikkat \u00e7ekici, yenilik\u00e7i ve markan\u0131z\u0131 yans\u0131tan \u00f6zg\u00fcn tasar\u0131mlar olu\u015fturuyoruz.<\/p><\/li><li><p><strong>Performans Takibi:<\/strong><br \/>Reklamlar\u0131n\u0131z\u0131n etkisini analiz ederek, kampanyalar\u0131n\u0131z\u0131 daha da iyile\u015ftirmek i\u00e7in s\u00fcrekli destek sa\u011fl\u0131yoruz.<\/p><\/li><\/ul><hr \/><p><strong>Outdoor Reklamlarla G\u00fc\u00e7l\u00fc Etki Yarat\u0131n<\/strong><\/p><p>Outdoor reklamc\u0131l\u0131k, markan\u0131z\u0131n geni\u015f kitlelerle etkili bir \u015fekilde ileti\u015fim kurmas\u0131n\u0131 sa\u011flar. Belediyeler ve AVM\u2019lerle kurdu\u011fumuz sa\u011flam i\u015f birlikleri sayesinde, markan\u0131z\u0131 dikkat \u00e7eken noktalarda \u00f6ne \u00e7\u0131kar\u0131yoruz.<\/p><p>D\u0131\u015f mekan reklam \u00e7\u00f6z\u00fcmlerimiz, dijital stratejilerimizle birle\u015ferek size b\u00fct\u00fcnc\u00fcl bir pazarlama deneyimi sunuyor. \u015eimdi harekete ge\u00e7in ve markan\u0131z\u0131 sokaklarda konu\u015fturun!<\/p><p>Outdoor reklam \u00e7\u00f6z\u00fcmlerimiz hakk\u0131nda daha fazla bilgi almak ve markan\u0131z i\u00e7in \u00f6zel bir kampanya ba\u015flatmak i\u00e7in bizimle ileti\u015fime ge\u00e7in. Hedeflerinizi ger\u00e7ekle\u015ftirelim, birlikte b\u00fcy\u00fcyelim!<\/p>\t\t\t\t\t\t<\/div>\n\t\t\t\t<\/div>\n\t\t\t\t\t<\/div>\n\t\t\t\t<\/div>\n\t\t<div class=\"elementor-element elementor-element-2a9b35d e-flex e-con-boxed e-con e-parent\" data-id=\"2a9b35d\" data-element_type=\"container\" data-settings=\"{&quot;background_background&quot;:&quot;classic&quot;}\">\n\t\t\t\t\t<div class=\"e-con-inner\">\n\t\t\t\t<div class=\"elementor-element elementor-element-2d821f5 elementor-invisible elementor-widget elementor-widget-heading\" data-id=\"2d821f5\" data-element_type=\"widget\" data-settings=\"{&quot;_animation&quot;:&quot;fadeInUp&quot;}\" data-widget_type=\"heading.default\">\n\t\t\t\t<div class=\"elementor-widget-container\">\n\t\t\t<h2 class=\"elementor-heading-title elementor-size-default\">Biz Sizi Arayal\u0131m!<\/h2>\t\t<\/div>\n\t\t\t\t<\/div>\n\t\t\t\t<div class=\"elementor-element elementor-element-84ead7d elementor-widget elementor-widget-shortcode\" data-id=\"84ead7d\" data-element_type=\"widget\" data-widget_type=\"shortcode.default\">\n\t\t\t\t<div class=\"elementor-widget-container\">\n\t\t\t\t\t<div class=\"elementor-shortcode\"><div data-uniq='6a046ee5ee5e6' class='uniq-6a046ee5ee5e6 formcraft-css form-live align-left'><script> window.formcraftLogic = window.formcraftLogic || {}; window.formcraftLogic[1] = []; <\/script><div class=\"fc-pagination-cover fc-pagination-1\">\n\t\t\t\t<div class=\"fc-pagination width-100\">\n\t\t\t\t\t<!-- ngRepeat: page in Builder.FormElements track by $index --><div class=\"pagination-trigger \" data-index=\"0\">\n\t\t\t\t\t\t<span class=\"page-number\"><span >1<\/span><\/span>\n\t\t\t\t\t\t<span class=\"page-name \">Step 1<\/span>\n\t\t\t\t\t\t\n\t\t\t\t\t<\/div><!-- end ngRepeat: page in Builder.FormElements track by $index -->\n\t\t\t\t<\/div>\n\t\t\t<\/div>\n\t\t\t\n\t\t\t<style scoped=\"scoped\" >\n\t\t\t@media (max-width : 480px) {\n\t\t\t\t.fc_modal-dialog-1 .fc-pagination-cover .fc-pagination\n\t\t\t\t{\n\t\t\t\t\tbackground-color: none !important;\n\t\t\t\t}\n\t\t\t}\n\t\t\t\t\t\t.formcraft-css .fc-form.fc-form-1 .form-element .submit-cover .submit-button,\n\t\t\t.formcraft-css .fc-form.fc-form-1 .form-element .fileupload-cover .button-file,\n\t\t\t.formcraft-css .fc-form.fc-form-1 .form-element .field-cover .button,\n\t\t\t.formcraft-datepicker .ui-datepicker-header,\n\t\t\t.formcraft-datepicker .ui-datepicker-title\n\t\t\t{\n\t\t\t\tbackground: #fea82f;\n\t\t\t\tcolor: #fff;\n\t\t\t}\n\t\t\t.formcraft-datepicker td .ui-state-active,\n\t\t\t.formcraft-datepicker td .ui-state-hover,\n\t\t\t.formcraft-css .fc-form.fc-form-1 .form-element .slider-cover .ui-slider-range\n\t\t\t{\n\t\t\t\tbackground: #fea82f;\n\t\t\t}\n\t\t\t#ui-datepicker-div.formcraft-datepicker .ui-datepicker-header,\n\t\t\t.formcraft-css .fc-form .field-cover>div.full hr\n\t\t\t{\n\t\t\t\tborder-color: #df9329;\n\t\t\t}\n\t\t\t#ui-datepicker-div.formcraft-datepicker .ui-datepicker-prev:hover,\n\t\t\t#ui-datepicker-div.formcraft-datepicker .ui-datepicker-next:hover,\n\t\t\t#ui-datepicker-div.formcraft-datepicker select.ui-datepicker-month:hover,\n\t\t\t#ui-datepicker-div.formcraft-datepicker select.ui-datepicker-year:hover\n\t\t\t{\n\t\t\t\tbackground-color: #df9329;\n\t\t\t}\n\t\t\t.formcraft-css .fc-pagination>div.active .page-number,\n\t\t\t.formcraft-css .form-cover-builder .fc-pagination>div:first-child .page-number\n\t\t\t{\n\t\t\t\tbackground-color: #fea82f;\n\t\t\t\tcolor: #fff;\n\t\t\t}\n\t\t\t#ui-datepicker-div.formcraft-datepicker table.ui-datepicker-calendar th,\n\t\t\t#ui-datepicker-div.formcraft-datepicker table.ui-datepicker-calendar td.ui-datepicker-today a,\n\t\t\t.formcraft-css .fc-form.fc-form-1 .form-element .star-cover label,\n\t\t\thtml .formcraft-css .fc-form.label-floating .form-element .field-cover.has-focus>span,\n\t\t\t.formcraft-css .fc-form.fc-form-1 .form-element .customText-cover a,\n\t\t\t.formcraft-css .prev-next>div span:hover\n\t\t\t{\n\t\t\t\tcolor: #fea82f;\n\t\t\t}\n\t\t\t.formcraft-css .fc-form.fc-form-1 .form-element .customText-cover a:hover\n\t\t\t{\n\t\t\t\tcolor: #df9329;\n\t\t\t}\n\t\t\thtml .formcraft-css .fc-form.fc-form-1.label-floating .form-element .field-cover > span\n\t\t\t{\n\t\t\t\tcolor: #666666;\n\t\t\t}\n\t\t\thtml .formcraft-css .fc-form .final-success .final-success-check {\n\t\t\t\tborder: 2px solid #666666;\n\t\t\t}\n\t\t\t.formcraft-css .fc-form.fc-form-1 .form-element .field-cover input[type=\"text\"],\n\t\t\t.formcraft-css .fc-form.fc-form-1 .form-element .field-cover input[type=\"email\"],\n\t\t\t.formcraft-css .fc-form.fc-form-1 .form-element .field-cover input[type=\"password\"],\n\t\t\t.formcraft-css .fc-form.fc-form-1 .form-element .field-cover input[type=\"tel\"],\n\t\t\t.formcraft-css .fc-form.fc-form-1 .form-element .field-cover textarea,\n\t\t\t.formcraft-css .fc-form.fc-form-1 .form-element .field-cover select,\n\t\t\t.formcraft-css .fc-form.fc-form-1 .form-element .field-cover .time-fields-cover,\n\t\t\t.formcraft-css .fc-form.fc-form-1 .form-element .field-cover .awesomplete ul\n\t\t\t{\n\t\t\t\tcolor: #777;\n\t\t\t}\n\t\t\t.formcraft-css .fc-form.fc-form-1 .form-element .field-cover input[type=\"text\"],\n\t\t\t.formcraft-css .fc-form.fc-form-1 .form-element .field-cover input[type=\"password\"],\n\t\t\t.formcraft-css .fc-form.fc-form-1 .form-element .field-cover input[type=\"email\"],\n\t\t\t.formcraft-css .fc-form.fc-form-1 .form-element .field-cover input[type=\"radio\"],\n\t\t\t.formcraft-css .fc-form.fc-form-1 .form-element .field-cover input[type=\"checkbox\"],\n\t\t\t.formcraft-css .fc-form.fc-form-1 .form-element .field-cover input[type=\"tel\"],\n\t\t\t.formcraft-css .fc-form.fc-form-1 .form-element .field-cover select,\n\t\t\t.formcraft-css .fc-form.fc-form-1 .form-element .field-cover textarea\n\t\t\t{\n\t\t\t\tbackground-color: #fafafa;\n\t\t\t}\n\t\t\t.formcraft-css .fc-form.fc-form-1 .form-element .field-cover input[type=\"radio\"]:checked,\n\t\t\t.formcraft-css .fc-form.fc-form-1 .form-element .field-cover input[type=\"checkbox\"]:checked {\n\t\t\t\tborder-color: #df9329;\n\t\t\t\tbackground: #fea82f;\t\t\t\t\n\t\t\t}\n\t\t\t.formcraft-css .fc-form.fc-form-1 .form-element .star-cover label .star\n\t\t\t{\n\t\t\t\ttext-shadow: 0px 1px 0px #df9329;\n\t\t\t}\n\t\t\t.formcraft-css .fc-form.fc-form-1 .form-element .slider-cover .ui-slider-range\n\t\t\t{\n\t\t\t\tbox-shadow: 0px 1px 1px #df9329 inset;\n\t\t\t}\n\t\t\t.formcraft-css .fc-form.fc-form-1 .form-element .fileupload-cover .button-file\n\t\t\t{\n\t\t\t\tborder-color: #df9329;\n\t\t\t}\n\t\t\t.formcraft-css .fc-form.fc-form-1 .form-element .form-element-html input[type=\"password\"]:focus,\n\t\t\t.formcraft-css .fc-form.fc-form-1 .form-element .form-element-html input[type=\"email\"]:focus,\n\t\t\t.formcraft-css .fc-form.fc-form-1 .form-element .form-element-html input[type=\"tel\"]:focus,\n\t\t\t.formcraft-css .fc-form.fc-form-1 .form-element .form-element-html input[type=\"text\"]:focus,\n\t\t\t.formcraft-css .fc-form.fc-form-1 .form-element .form-element-html textarea:focus,\n\t\t\t.formcraft-css .fc-form.fc-form-1 .form-element .form-element-html select:focus\n\t\t\t{\n\t\t\t\tborder-color: #fea82f;\n\t\t\t}\n\t\t\t.formcraft-css .fc-form.fc-form-1 .form-element .form-element-html .field-cover .is-read-only:focus {\n\t\t\t\tborder-color: #ccc;\n\t\t\t}\n\t\t\t.formcraft-css .fc-form.fc-form-1\t\t\t{\n\t\t\t\tfont-family: inherit;\n\t\t\t}\n\t\t\t@media (max-width : 480px) {\n\t\t\t\thtml .dedicated-page,\n\t\t\t\thtml .dedicated-page .formcraft-css .fc-pagination > div.active\n\t\t\t\t{\n\t\t\t\t\tbackground: none;\n\t\t\t\t}\n\t\t\t}\n\t\t<\/style>\n\t\t<div class=\"form-cover\">\n\t\t\t<form data-auto-scroll=\"\" data-no-message-redirect=\"\" data-thousand=\"\" data-decimal=\".\" data-delay=\"\" data-id=\"1\" class=\"fc-form fc-form-1 align- fc-temp-class save-form- dont-submit-hidden- icons-hide- disable-enter- field-alignment-left frame-hidden field-border-hidden remove-asterisk-true label-placeholder  \" style=\"width: 600px; color: #666666; font-size: 100%; background: none\">\n\t\t\t\t<!-- ngRepeat: page in Builder.FormElements track by $index --><div class=\"form-page form-page-0\" data-index=\"0\">\n\t\t\t\t\t\n\t\t\t\t\t<div class=\"form-page-content      ng-not-empty\">\n\t\t\t\t\t\t<div data-identifier=\"field1\" data-index=\"0\" style=\"width: 100%\" class=\" form-element form-element-field1 form-element-0 default-false form-element-type-oneLineText is-required-false odd -handle options-false\">\n\t\t\t\t\t\t\t<div class=\"form-element-html\"><div ><label class=\"oneLineText-cover field-cover \"><span class=\"sub-label-true\"><span class=\"main-label\"><span >Ad\u0131n\u0131z Soyad\u0131n\u0131z<\/span><\/span><span class=\"sub-label\"><span >your full name<\/span><\/span><\/span><div><span class=\"error\"><\/span><input type=\"text\" placeholder=\"Ad\u0131n\u0131z Soyad\u0131n\u0131z\" make-read-only=\"false\" data-field-id=\"field1\" name=\"field1[]\" data-min-char=\"\" data-max-char=\"\" data-val-type=\"\" data-regexp=\"\" data-is-required=\"false\" data-allow-spaces=\"\" class=\"validation-lenient\" data-placement=\"right\" data-toggle=\"tooltip\" tooltip=\"\" data-trigger=\"focus\" data-html=\"true\" data-input-mask=\"\" data-mask-placeholder=\"\" data-original-title=\"\"><i class=\"formcraft-icon formcraft-icon-type-\"><\/i><\/div><\/label><\/div><\/div>\n\t\t\t\t\t\t\t\n\t\t\t\t\t\t<\/div><div data-identifier=\"field2\" data-index=\"1\" style=\"width: 100%\" class=\" even form-element form-element-field2 form-element-1 default-false form-element-type-oneLineText is-required-false -handle options-false\">\n\t\t\t\t\t\t\t<div class=\"form-element-html\"><div ><label class=\"oneLineText-cover field-cover \"><span class=\"sub-label-true\"><span class=\"main-label\"><span >Telefon Numaran\u0131z<\/span><\/span><span class=\"sub-label\"><span >your full name<\/span><\/span><\/span><div><span class=\"error\"><\/span><input type=\"text\" placeholder=\"Telefon Numaran\u0131z\" make-read-only=\"false\" data-field-id=\"field2\" name=\"field2[]\" data-min-char=\"\" data-max-char=\"\" data-val-type=\"\" data-regexp=\"\" data-is-required=\"false\" data-allow-spaces=\"\" class=\"validation-lenient\" data-placement=\"right\" data-toggle=\"tooltip\" tooltip=\"\" data-trigger=\"focus\" data-html=\"true\" data-input-mask=\"\" data-mask-placeholder=\"\" data-original-title=\"\"><i class=\"formcraft-icon formcraft-icon-type-\"><\/i><\/div><\/label><\/div><\/div>\n\t\t\t\t\t\t\t\n\t\t\t\t\t\t<\/div><div data-identifier=\"field3\" data-index=\"2\" style=\"width: 100%\" class=\" form-element form-element-field3 form-element-2 default-false form-element-type-email is-required-false odd -handle options-false\">\n\t\t\t\t\t\t\t<div class=\"form-element-html\"><div ><label class=\"email-cover field-cover \"><span class=\"sub-label-true\"><span class=\"main-label\"><span >E-Posta Adresiniz<\/span><\/span><span class=\"sub-label\"><span >a valid email<\/span><\/span><\/span><div><span class=\"error\"><\/span><input placeholder=\"E-Posta Adresiniz\" data-field-id=\"field3\" type=\"text\" data-val-type=\"email\" make-read-only=\"\" data-is-required=\"false\" name=\"field3\" class=\"validation-lenient\" data-placement=\"right\" data-toggle=\"tooltip\" tooltip=\"\" data-trigger=\"focus\" data-html=\"true\" data-original-title=\"\"><i class=\"formcraft-icon\">email<\/i><\/div><\/label><\/div><\/div>\n\t\t\t\t\t\t\t\n\t\t\t\t\t\t<\/div><div data-identifier=\"field4\" data-index=\"3\" style=\"width: 100%\" class=\" even form-element form-element-field4 form-element-3 default-false form-element-type-textarea is-required-false -handle options-false\">\n\t\t\t\t\t\t\t<div class=\"form-element-html\"><div ><label class=\"textarea-cover field-cover \"><span class=\"sub-label-true\"><span class=\"main-label\"><span >Mesaj\u0131n\u0131z<\/span><\/span><span class=\"sub-label\"><span >more details<\/span><\/span><\/span><div><span class=\"error\"><\/span><textarea data-field-id=\"field4\" placeholder=\"Mesaj\u0131n\u0131z\" class=\"validation-lenient\" name=\"field4\" value=\"\" rows=\"5\" data-min-char=\"\" data-max-char=\"\" data-is-required=\"false\" data-placement=\"right\" data-toggle=\"tooltip\" tooltip=\"\" data-trigger=\"focus\" data-html=\"true\" data-original-title=\"\" style=\"min-height: 110.734px\"><\/textarea><div class=\"count-\"><span class=\"current-count\">0<\/span> \/ <span class=\"max-count \"><\/span><\/div><\/div><\/label><\/div><\/div>\n\t\t\t\t\t\t\t\n\t\t\t\t\t\t<\/div><div data-identifier=\"field5\" data-index=\"4\" style=\"width: 100%\" class=\" form-element form-element-field5 form-element-4 default-false form-element-type-submit is-required-false odd -handle options-false\">\n\t\t\t\t\t\t\t<div class=\"form-element-html\"><div ><div class=\"submit-cover field-cover wide-true align-center\"><button type=\"submit\" class=\"button submit-button\"><span class=\"text \">G\u00d6NDER<\/span><span class=\"spin-cover\"><i style=\"color:\" class=\"loading-icon icon-cog animate-spin\"><\/i><\/span><\/button><\/div><div class=\"submit-response \"><\/div><label ><input type=\"text\" class=\"required_field\" name=\"website\" autocomplete=\"maple-syrup-pot\"><\/label><\/div><\/div>\n\t\t\t\t\t\t\t\n\t\t\t\t\t\t<\/div>\n\t\t\t\t\t<\/div>\n\t\t\t\t<\/div><!-- end ngRepeat: page in Builder.FormElements track by $index -->\n\t\t\t<\/form>\n\t\t\t<div class=\"prev-next prev-next-1\" style=\"width: 600px; color: #666666; font-size: 100%; background: none\">\n\t\t\t\t<div>\n\t\t\t\t\t\n\t\t\t\t\t<span class=\"inactive page-prev \"><i class=\"formcraft-icon\">keyboard_arrow_left<\/i>Previous<\/span><\/div>\n\t\t\t\t<div>\n\t\t\t\t\t\n\t\t\t\t\t<span class=\"page-next \">Next<i class=\"formcraft-icon\">keyboard_arrow_right<\/i><\/span><\/div>\n\t\t\t<\/div>\n\t\t<\/div><\/div><\/div>\n\t\t\t\t<\/div>\n\t\t\t\t<\/div>\n\t\t\t\t\t<\/div>\n\t\t\t\t<\/div>\n\t\t\t\t<\/div>\n\t\t","protected":false},"excerpt":{"rendered":"<p>Outdoor Reklamlar\u0131 Outdoor Reklam: Markan\u0131z\u0131 D\u0131\u015f Mekanda G\u00fc\u00e7lendirin \u0130leti\u015fim Dijital reklamc\u0131l\u0131k d\u00fcnyas\u0131ndaki uzmanl\u0131\u011f\u0131m\u0131z\u0131, etkili ve g\u00f6z al\u0131c\u0131 d\u0131\u015f mekan reklamlar\u0131yla birle\u015ftiriyoruz. Pinhole olarak, belediyeler, al\u0131\u015fveri\u015f merkezleri (AVM\u2019ler) ve stratejik noktalarla yapt\u0131\u011f\u0131m\u0131z i\u015f birlikleri sayesinde markan\u0131z\u0131 do\u011fru zamanda, do\u011fru yerde ve do\u011fru kitleyle bulu\u015fturuyoruz. Outdoor reklamlar, markan\u0131z\u0131n g\u00f6r\u00fcn\u00fcrl\u00fc\u011f\u00fcn\u00fc art\u0131rman\u0131n ve m\u00fc\u015fterilerinizin zihninde kal\u0131c\u0131 bir iz b\u0131rakman\u0131n [&hellip;]<\/p>\n","protected":false},"author":1,"featured_media":0,"parent":0,"menu_order":0,"comment_status":"closed","ping_status":"closed","template":"elementor_header_footer","meta":{"footnotes":""},"class_list":["post-123","page","type-page","status-publish","hentry"],"_links":{"self":[{"href":"https:\/\/pinholedigitalmedia.com\/index.php\/wp-json\/wp\/v2\/pages\/123","targetHints":{"allow":["GET"]}}],"collection":[{"href":"https:\/\/pinholedigitalmedia.com\/index.php\/wp-json\/wp\/v2\/pages"}],"about":[{"href":"https:\/\/pinholedigitalmedia.com\/index.php\/wp-json\/wp\/v2\/types\/page"}],"author":[{"embeddable":true,"href":"https:\/\/pinholedigitalmedia.com\/index.php\/wp-json\/wp\/v2\/users\/1"}],"replies":[{"embeddable":true,"href":"https:\/\/pinholedigitalmedia.com\/index.php\/wp-json\/wp\/v2\/comments?post=123"}],"version-history":[{"count":6,"href":"https:\/\/pinholedigitalmedia.com\/index.php\/wp-json\/wp\/v2\/pages\/123\/revisions"}],"predecessor-version":[{"id":130,"href":"https:\/\/pinholedigitalmedia.com\/index.php\/wp-json\/wp\/v2\/pages\/123\/revisions\/130"}],"wp:attachment":[{"href":"https:\/\/pinholedigitalmedia.com\/index.php\/wp-json\/wp\/v2\/media?parent=123"}],"curies":[{"name":"wp","href":"https:\/\/api.w.org\/{rel}","templated":true}]}}